{"id":253,"date":"2021-11-18T16:43:46","date_gmt":"2021-11-18T19:43:46","guid":{"rendered":"https:\/\/contabrasrio.com.br\/condominios\/?page_id=253"},"modified":"2023-06-28T13:07:38","modified_gmt":"2023-06-28T16:07:38","slug":"fale-conosco","status":"publish","type":"page","link":"https:\/\/contabrasrio.com.br\/condominios\/fale-conosco\/","title":{"rendered":"Fale Conosco"},"content":{"rendered":"\t\t<div data-elementor-type=\"wp-page\" data-elementor-id=\"253\" class=\"elementor elementor-253\" data-elementor-post-type=\"page\">\n\t\t\t\t\t\t<section class=\"elementor-section elementor-top-section elementor-element elementor-element-0fd231f elementor-section-content-middle elementor-section-boxed elementor-section-height-default elementor-section-height-default\" data-id=\"0fd231f\" data-element_type=\"section\" data-settings=\"{&quot;background_background&quot;:&quot;classic&quot;}\">\n\t\t\t\t\t\t\t<div class=\"elementor-background-overlay\"><\/div>\n\t\t\t\t\t\t\t<div class=\"elementor-container elementor-column-gap-default\">\n\t\t\t\t\t<div class=\"elementor-column elementor-col-50 elementor-top-column elementor-element elementor-element-164a134\" data-id=\"164a134\" data-element_type=\"column\">\n\t\t\t<div class=\"elementor-widget-wrap elementor-element-populated\">\n\t\t\t\t\t\t\t<\/div>\n\t\t<\/div>\n\t\t\t\t<div class=\"elementor-column elementor-col-50 elementor-top-column elementor-element elementor-element-ac22730\" data-id=\"ac22730\" data-element_type=\"column\">\n\t\t\t<div class=\"elementor-widget-wrap\">\n\t\t\t\t\t\t\t<\/div>\n\t\t<\/div>\n\t\t\t\t\t<\/div>\n\t\t<\/section>\n\t\t\t\t<div class=\"elementor-section elementor-top-section elementor-element elementor-element-445cf51 elementor-section-content-middle elementor-section-boxed elementor-section-height-default elementor-section-height-default\" data-id=\"445cf51\" data-element_type=\"section\">\n\t\t\t\t\t\t<div class=\"elementor-container elementor-column-gap-default\">\n\t\t\t\t\t<div class=\"elementor-column elementor-col-100 elementor-top-column elementor-element elementor-element-8b37535\" data-id=\"8b37535\" data-element_type=\"column\">\n\t\t\t<div class=\"elementor-widget-wrap elementor-element-populated\">\n\t\t\t\t\t\t<section class=\"elementor-section elementor-inner-section elementor-element elementor-element-015a099 elementor-section-content-middle elementor-section-boxed elementor-section-height-default elementor-section-height-default\" data-id=\"015a099\" data-element_type=\"section\">\n\t\t\t\t\t\t<div class=\"elementor-container elementor-column-gap-no\">\n\t\t\t\t\t<div class=\"elementor-column elementor-col-100 elementor-inner-column elementor-element elementor-element-885e7a0\" data-id=\"885e7a0\" data-element_type=\"column\">\n\t\t\t<div class=\"elementor-widget-wrap elementor-element-populated\">\n\t\t\t\t\t\t<div class=\"elementor-element elementor-element-6d071bc elementor-widget__width-auto elementor-invisible elementor-widget elementor-widget-image\" data-id=\"6d071bc\" data-element_type=\"widget\" data-settings=\"{&quot;_animation&quot;:&quot;fadeInLeft&quot;}\" data-widget_type=\"image.default\">\n\t\t\t\t<div class=\"elementor-widget-container\">\n\t\t\t\t\t\t\t\t\t\t\t\t\t\t\t<img decoding=\"async\" width=\"31\" height=\"31\" src=\"https:\/\/contabrasrio.com.br\/condominios\/wp-content\/uploads\/2021\/09\/contabras-2.jpg\" class=\"attachment-large size-large wp-image-82\" alt=\"\" \/>\t\t\t\t\t\t\t\t\t\t\t\t\t\t\t<\/div>\n\t\t\t\t<\/div>\n\t\t\t\t<div class=\"elementor-element elementor-element-12cf67e elementor-widget__width-auto elementor-widget elementor-widget-heading\" data-id=\"12cf67e\" data-element_type=\"widget\" data-widget_type=\"heading.default\">\n\t\t\t\t<div class=\"elementor-widget-container\">\n\t\t\t\t\t<h3 class=\"elementor-heading-title elementor-size-default\">FA\u00c7A-NOS UMA VISITA<\/h3>\t\t\t\t<\/div>\n\t\t\t\t<\/div>\n\t\t\t\t\t<\/div>\n\t\t<\/div>\n\t\t\t\t\t<\/div>\n\t\t<\/section>\n\t\t\t\t<div class=\"elementor-element elementor-element-27b206b elementor-widget elementor-widget-heading\" data-id=\"27b206b\" data-element_type=\"widget\" data-widget_type=\"heading.default\">\n\t\t\t\t<div class=\"elementor-widget-container\">\n\t\t\t\t\t<h2 class=\"elementor-heading-title elementor-size-default\">Nossa Localiza\u00e7\u00e3o<\/h2>\t\t\t\t<\/div>\n\t\t\t\t<\/div>\n\t\t\t\t<div class=\"elementor-element elementor-element-4af070f elementor-widget-divider--separator-type-pattern elementor-widget-divider--view-line elementor-widget elementor-widget-divider\" data-id=\"4af070f\" data-element_type=\"widget\" data-widget_type=\"divider.default\">\n\t\t\t\t<div class=\"elementor-widget-container\">\n\t\t\t\t\t\t\t<div class=\"elementor-divider\" style=\"--divider-pattern-url: url(&quot;data:image\/svg+xml,%3Csvg xmlns=&#039;http:\/\/www.w3.org\/2000\/svg&#039; preserveAspectRatio=&#039;none&#039; overflow=&#039;visible&#039; height=&#039;100%&#039; viewBox=&#039;0 0 24 24&#039; fill=&#039;none&#039; stroke=&#039;black&#039; stroke-width=&#039;2&#039; stroke-linecap=&#039;square&#039; stroke-miterlimit=&#039;10&#039;%3E%3Cpolyline points=&#039;0,18 12,6 24,18 &#039;\/%3E%3C\/svg%3E&quot;);\">\n\t\t\t<span class=\"elementor-divider-separator\">\n\t\t\t\t\t\t<\/span>\n\t\t<\/div>\n\t\t\t\t\t\t<\/div>\n\t\t\t\t<\/div>\n\t\t\t\t\t<\/div>\n\t\t<\/div>\n\t\t\t\t\t<\/div>\n\t\t<\/div>\n\t\t\t\t<section class=\"elementor-section elementor-top-section elementor-element elementor-element-5551c9e elementor-section-boxed elementor-section-height-default elementor-section-height-default elementor-invisible\" data-id=\"5551c9e\" data-element_type=\"section\" data-settings=\"{&quot;animation&quot;:&quot;fadeInUp&quot;}\">\n\t\t\t\t\t\t<div class=\"elementor-container elementor-column-gap-default\">\n\t\t\t\t\t<div class=\"elementor-column elementor-col-33 elementor-top-column elementor-element elementor-element-6dd8543\" data-id=\"6dd8543\" data-element_type=\"column\">\n\t\t\t<div class=\"elementor-widget-wrap elementor-element-populated\">\n\t\t\t\t\t\t<div class=\"elementor-element elementor-element-46f92ef elementor-position-top elementor-widget elementor-widget-image-box\" data-id=\"46f92ef\" data-element_type=\"widget\" data-widget_type=\"image-box.default\">\n\t\t\t\t<div class=\"elementor-widget-container\">\n\t\t\t\t\t<div class=\"elementor-image-box-wrapper\"><figure class=\"elementor-image-box-img\"><a href=\"https:\/\/goo.gl\/maps\/2N3auh13Epc65wZf6\" tabindex=\"-1\"><img fetchpriority=\"high\" decoding=\"async\" width=\"1926\" height=\"2216\" src=\"https:\/\/contabrasrio.com.br\/condominios\/wp-content\/uploads\/2021\/09\/contabras-11.png\" class=\"attachment-full size-full wp-image-166\" alt=\"\" srcset=\"https:\/\/contabrasrio.com.br\/condominios\/wp-content\/uploads\/2021\/09\/contabras-11.png 1926w, https:\/\/contabrasrio.com.br\/condominios\/wp-content\/uploads\/2021\/09\/contabras-11-261x300.png 261w, https:\/\/contabrasrio.com.br\/condominios\/wp-content\/uploads\/2021\/09\/contabras-11-890x1024.png 890w, https:\/\/contabrasrio.com.br\/condominios\/wp-content\/uploads\/2021\/09\/contabras-11-768x884.png 768w, https:\/\/contabrasrio.com.br\/condominios\/wp-content\/uploads\/2021\/09\/contabras-11-1335x1536.png 1335w, https:\/\/contabrasrio.com.br\/condominios\/wp-content\/uploads\/2021\/09\/contabras-11-1780x2048.png 1780w\" sizes=\"(max-width: 1926px) 100vw, 1926px\" \/><\/a><\/figure><div class=\"elementor-image-box-content\"><h3 class=\"elementor-image-box-title\"><a href=\"https:\/\/goo.gl\/maps\/2N3auh13Epc65wZf6\">Endere\u00e7o<\/a><\/h3><p class=\"elementor-image-box-description\"><a href=\"https:\/\/goo.gl\/maps\/2N3auh13Epc65wZf6\">Av. Nelson Cardoso, 905 - Sala 110\nTaquara - Rio de Janeiro - RJ<\/a><\/p><\/div><\/div>\t\t\t\t<\/div>\n\t\t\t\t<\/div>\n\t\t\t\t\t<\/div>\n\t\t<\/div>\n\t\t\t\t<div class=\"elementor-column elementor-col-33 elementor-top-column elementor-element elementor-element-b579973\" data-id=\"b579973\" data-element_type=\"column\">\n\t\t\t<div class=\"elementor-widget-wrap elementor-element-populated\">\n\t\t\t\t\t\t<div class=\"elementor-element elementor-element-ba2dae9 elementor-position-top elementor-widget elementor-widget-image-box\" data-id=\"ba2dae9\" data-element_type=\"widget\" data-widget_type=\"image-box.default\">\n\t\t\t\t<div class=\"elementor-widget-container\">\n\t\t\t\t\t<div class=\"elementor-image-box-wrapper\"><figure class=\"elementor-image-box-img\"><a href=\"mailto:contabil@contabrasrio.com.br\" tabindex=\"-1\"><img decoding=\"async\" width=\"2072\" height=\"1971\" src=\"https:\/\/contabrasrio.com.br\/condominios\/wp-content\/uploads\/2021\/09\/contabras-9.png\" class=\"attachment-full size-full wp-image-162\" alt=\"\" srcset=\"https:\/\/contabrasrio.com.br\/condominios\/wp-content\/uploads\/2021\/09\/contabras-9.png 2072w, https:\/\/contabrasrio.com.br\/condominios\/wp-content\/uploads\/2021\/09\/contabras-9-300x285.png 300w, https:\/\/contabrasrio.com.br\/condominios\/wp-content\/uploads\/2021\/09\/contabras-9-1024x974.png 1024w, https:\/\/contabrasrio.com.br\/condominios\/wp-content\/uploads\/2021\/09\/contabras-9-768x731.png 768w, https:\/\/contabrasrio.com.br\/condominios\/wp-content\/uploads\/2021\/09\/contabras-9-1536x1461.png 1536w, https:\/\/contabrasrio.com.br\/condominios\/wp-content\/uploads\/2021\/09\/contabras-9-2048x1948.png 2048w\" sizes=\"(max-width: 2072px) 100vw, 2072px\" \/><\/a><\/figure><div class=\"elementor-image-box-content\"><h3 class=\"elementor-image-box-title\"><a href=\"mailto:contabil@contabrasrio.com.br\">Email<\/a><\/h3><p class=\"elementor-image-box-description\"><a href=\"mailto:contabil@contabrasrio.com.br\">contabil@contabrasrio.com.br<\/a><\/p><\/div><\/div>\t\t\t\t<\/div>\n\t\t\t\t<\/div>\n\t\t\t\t\t<\/div>\n\t\t<\/div>\n\t\t\t\t<div class=\"elementor-column elementor-col-33 elementor-top-column elementor-element elementor-element-f82717e\" data-id=\"f82717e\" data-element_type=\"column\">\n\t\t\t<div class=\"elementor-widget-wrap elementor-element-populated\">\n\t\t\t\t\t\t<div class=\"elementor-element elementor-element-7d63ec7 elementor-position-top elementor-widget elementor-widget-image-box\" data-id=\"7d63ec7\" data-element_type=\"widget\" data-widget_type=\"image-box.default\">\n\t\t\t\t<div class=\"elementor-widget-container\">\n\t\t\t\t\t<div class=\"elementor-image-box-wrapper\"><figure class=\"elementor-image-box-img\"><a href=\"tel:2124231760\" tabindex=\"-1\"><img loading=\"lazy\" decoding=\"async\" width=\"1550\" height=\"1653\" src=\"https:\/\/contabrasrio.com.br\/condominios\/wp-content\/uploads\/2021\/09\/contabras-10-1.png\" class=\"attachment-full size-full wp-image-165\" alt=\"\" srcset=\"https:\/\/contabrasrio.com.br\/condominios\/wp-content\/uploads\/2021\/09\/contabras-10-1.png 1550w, https:\/\/contabrasrio.com.br\/condominios\/wp-content\/uploads\/2021\/09\/contabras-10-1-281x300.png 281w, https:\/\/contabrasrio.com.br\/condominios\/wp-content\/uploads\/2021\/09\/contabras-10-1-960x1024.png 960w, https:\/\/contabrasrio.com.br\/condominios\/wp-content\/uploads\/2021\/09\/contabras-10-1-768x819.png 768w, https:\/\/contabrasrio.com.br\/condominios\/wp-content\/uploads\/2021\/09\/contabras-10-1-1440x1536.png 1440w\" sizes=\"(max-width: 1550px) 100vw, 1550px\" \/><\/a><\/figure><div class=\"elementor-image-box-content\"><h3 class=\"elementor-image-box-title\"><a href=\"tel:2124231760\">Telefone<\/a><\/h3><p class=\"elementor-image-box-description\"><a href=\"tel:2124231760\">(21) 2423-1760<\/a><br>\n<a href=\"tel:212423-5498\">(21) 2423-5498<\/a><\/p><\/div><\/div>\t\t\t\t<\/div>\n\t\t\t\t<\/div>\n\t\t\t\t\t<\/div>\n\t\t<\/div>\n\t\t\t\t\t<\/div>\n\t\t<\/section>\n\t\t\t\t<section class=\"elementor-section elementor-top-section elementor-element elementor-element-3a2d8ba elementor-section-content-middle elementor-section-boxed elementor-section-height-default elementor-section-height-default\" data-id=\"3a2d8ba\" data-element_type=\"section\">\n\t\t\t\t\t\t<div class=\"elementor-container elementor-column-gap-default\">\n\t\t\t\t\t<div class=\"elementor-column elementor-col-33 elementor-top-column elementor-element elementor-element-0ded592\" data-id=\"0ded592\" data-element_type=\"column\">\n\t\t\t<div class=\"elementor-widget-wrap elementor-element-populated\">\n\t\t\t\t\t\t<div class=\"elementor-element elementor-element-79d0689 elementor-widget__width-auto elementor-absolute elementor-invisible elementor-widget elementor-widget-image\" data-id=\"79d0689\" data-element_type=\"widget\" data-settings=\"{&quot;_position&quot;:&quot;absolute&quot;,&quot;_animation&quot;:&quot;fadeInLeft&quot;}\" data-widget_type=\"image.default\">\n\t\t\t\t<div class=\"elementor-widget-container\">\n\t\t\t\t\t\t\t\t\t\t\t\t\t\t\t<img loading=\"lazy\" decoding=\"async\" width=\"101\" height=\"341\" src=\"https:\/\/contabrasrio.com.br\/condominios\/wp-content\/uploads\/2021\/09\/contabras-5.jpg\" class=\"attachment-large size-large wp-image-84\" alt=\"\" srcset=\"https:\/\/contabrasrio.com.br\/condominios\/wp-content\/uploads\/2021\/09\/contabras-5.jpg 101w, https:\/\/contabrasrio.com.br\/condominios\/wp-content\/uploads\/2021\/09\/contabras-5-89x300.jpg 89w\" sizes=\"(max-width: 101px) 100vw, 101px\" \/>\t\t\t\t\t\t\t\t\t\t\t\t\t\t\t<\/div>\n\t\t\t\t<\/div>\n\t\t\t\t<div class=\"elementor-element elementor-element-b0896b8 elementor-widget__width-auto elementor-absolute elementor-invisible elementor-widget elementor-widget-image\" data-id=\"b0896b8\" data-element_type=\"widget\" data-settings=\"{&quot;_position&quot;:&quot;absolute&quot;,&quot;_animation&quot;:&quot;fadeInRight&quot;}\" data-widget_type=\"image.default\">\n\t\t\t\t<div class=\"elementor-widget-container\">\n\t\t\t\t\t\t\t\t\t\t\t\t\t\t\t<img loading=\"lazy\" decoding=\"async\" width=\"101\" height=\"341\" src=\"https:\/\/contabrasrio.com.br\/condominios\/wp-content\/uploads\/2021\/09\/contabras-4.jpg\" class=\"attachment-large size-large wp-image-83\" alt=\"\" srcset=\"https:\/\/contabrasrio.com.br\/condominios\/wp-content\/uploads\/2021\/09\/contabras-4.jpg 101w, https:\/\/contabrasrio.com.br\/condominios\/wp-content\/uploads\/2021\/09\/contabras-4-89x300.jpg 89w\" sizes=\"(max-width: 101px) 100vw, 101px\" \/>\t\t\t\t\t\t\t\t\t\t\t\t\t\t\t<\/div>\n\t\t\t\t<\/div>\n\t\t\t\t<div class=\"elementor-section elementor-inner-section elementor-element elementor-element-e705ae5 elementor-section-height-min-height elementor-section-boxed elementor-section-height-default elementor-invisible\" data-id=\"e705ae5\" data-element_type=\"section\" data-settings=\"{&quot;background_background&quot;:&quot;classic&quot;,&quot;animation&quot;:&quot;fadeIn&quot;}\">\n\t\t\t\t\t\t<div class=\"elementor-container elementor-column-gap-default\">\n\t\t\t\t\t<div class=\"elementor-column elementor-col-100 elementor-inner-column elementor-element elementor-element-1087f88\" data-id=\"1087f88\" data-element_type=\"column\">\n\t\t\t<div class=\"elementor-widget-wrap elementor-element-populated\">\n\t\t\t\t\t\t<div class=\"elementor-element elementor-element-a478c6f elementor-widget elementor-widget-image\" data-id=\"a478c6f\" data-element_type=\"widget\" data-widget_type=\"image.default\">\n\t\t\t\t<div class=\"elementor-widget-container\">\n\t\t\t\t\t\t\t\t\t\t\t\t\t\t\t<img loading=\"lazy\" decoding=\"async\" width=\"1920\" height=\"1261\" src=\"https:\/\/contabrasrio.com.br\/condominios\/wp-content\/uploads\/2021\/11\/contabras_fale-conosco.png\" class=\"attachment-full size-full wp-image-335\" alt=\"\" srcset=\"https:\/\/contabrasrio.com.br\/condominios\/wp-content\/uploads\/2021\/11\/contabras_fale-conosco.png 1920w, https:\/\/contabrasrio.com.br\/condominios\/wp-content\/uploads\/2021\/11\/contabras_fale-conosco-300x197.png 300w, https:\/\/contabrasrio.com.br\/condominios\/wp-content\/uploads\/2021\/11\/contabras_fale-conosco-1024x673.png 1024w, https:\/\/contabrasrio.com.br\/condominios\/wp-content\/uploads\/2021\/11\/contabras_fale-conosco-768x504.png 768w, https:\/\/contabrasrio.com.br\/condominios\/wp-content\/uploads\/2021\/11\/contabras_fale-conosco-1536x1009.png 1536w\" sizes=\"(max-width: 1920px) 100vw, 1920px\" \/>\t\t\t\t\t\t\t\t\t\t\t\t\t\t\t<\/div>\n\t\t\t\t<\/div>\n\t\t\t\t\t<\/div>\n\t\t<\/div>\n\t\t\t\t\t<\/div>\n\t\t<\/div>\n\t\t\t\t\t<\/div>\n\t\t<\/div>\n\t\t\t\t<div class=\"elementor-column elementor-col-33 elementor-top-column elementor-element elementor-element-b13e088\" data-id=\"b13e088\" data-element_type=\"column\">\n\t\t\t<div class=\"elementor-widget-wrap\">\n\t\t\t\t\t\t\t<\/div>\n\t\t<\/div>\n\t\t\t\t<div class=\"elementor-column elementor-col-33 elementor-top-column elementor-element elementor-element-b1edae2 elementor-invisible\" data-id=\"b1edae2\" data-element_type=\"column\" data-settings=\"{&quot;animation&quot;:&quot;fadeIn&quot;}\">\n\t\t\t<div class=\"elementor-widget-wrap elementor-element-populated\">\n\t\t\t\t\t\t<div class=\"elementor-element elementor-element-3d30827 elementor-button-align-stretch elementor-widget elementor-widget-form\" data-id=\"3d30827\" data-element_type=\"widget\" data-settings=\"{&quot;step_next_label&quot;:&quot;Next&quot;,&quot;step_previous_label&quot;:&quot;Previous&quot;,&quot;button_width&quot;:&quot;100&quot;,&quot;step_type&quot;:&quot;number_text&quot;,&quot;step_icon_shape&quot;:&quot;circle&quot;}\" data-widget_type=\"form.default\">\n\t\t\t\t<div class=\"elementor-widget-container\">\n\t\t\t\t\t\t\t<form class=\"elementor-form\" method=\"post\" name=\"Formul\u00e1rio Fale Conosco Page\" aria-label=\"Formul\u00e1rio Fale Conosco Page\">\n\t\t\t<input type=\"hidden\" name=\"post_id\" value=\"253\"\/>\n\t\t\t<input type=\"hidden\" name=\"form_id\" value=\"3d30827\"\/>\n\t\t\t<input type=\"hidden\" name=\"referer_title\" value=\"Fale Conosco\" \/>\n\n\t\t\t\t\t\t\t<input type=\"hidden\" name=\"queried_id\" value=\"253\"\/>\n\t\t\t\n\t\t\t<div class=\"elementor-form-fields-wrapper elementor-labels-above\">\n\t\t\t\t\t\t\t\t<div class=\"elementor-field-type-text elementor-field-group elementor-column elementor-field-group-field_535ad84 elementor-col-50 elementor-field-required elementor-mark-required\">\n\t\t\t\t\t\t\t\t\t\t\t\t<label for=\"form-field-field_535ad84\" class=\"elementor-field-label\">\n\t\t\t\t\t\t\t\tNome\t\t\t\t\t\t\t<\/label>\n\t\t\t\t\t\t\t\t\t\t\t\t\t\t<input size=\"1\" type=\"text\" name=\"form_fields[field_535ad84]\" id=\"form-field-field_535ad84\" class=\"elementor-field elementor-size-md  elementor-field-textual\" required=\"required\">\n\t\t\t\t\t\t\t\t\t\t\t<\/div>\n\t\t\t\t\t\t\t\t<div class=\"elementor-field-type-email elementor-field-group elementor-column elementor-field-group-email elementor-col-50 elementor-field-required elementor-mark-required\">\n\t\t\t\t\t\t\t\t\t\t\t\t<label for=\"form-field-email\" class=\"elementor-field-label\">\n\t\t\t\t\t\t\t\tEmail\t\t\t\t\t\t\t<\/label>\n\t\t\t\t\t\t\t\t\t\t\t\t\t\t<input size=\"1\" type=\"email\" name=\"form_fields[email]\" id=\"form-field-email\" class=\"elementor-field elementor-size-md  elementor-field-textual\" required=\"required\">\n\t\t\t\t\t\t\t\t\t\t\t<\/div>\n\t\t\t\t\t\t\t\t<div class=\"elementor-field-type-maskphone_with_ddd elementor-field-group elementor-column elementor-field-group-name elementor-col-50\">\n\t\t\t\t\t\t\t\t\t\t\t\t<label for=\"form-field-name\" class=\"elementor-field-label\">\n\t\t\t\t\t\t\t\tTelefone\t\t\t\t\t\t\t<\/label>\n\t\t\t\t\t\t<input size=\"1\" type=\"tel\" name=\"form_fields[name]\" id=\"form-field-name\" class=\"elementor-field elementor-size-md  elementor-field-textual phone_with_ddd\" placeholder=\"Telefone\">\t\t\t\t<\/div>\n\t\t\t\t\t\t\t\t<div class=\"elementor-field-type-text elementor-field-group elementor-column elementor-field-group-field_4fe0851 elementor-col-50\">\n\t\t\t\t\t\t\t\t\t\t\t\t<label for=\"form-field-field_4fe0851\" class=\"elementor-field-label\">\n\t\t\t\t\t\t\t\tDepartamento de Assuntos\t\t\t\t\t\t\t<\/label>\n\t\t\t\t\t\t\t\t\t\t\t\t\t\t<input size=\"1\" type=\"text\" name=\"form_fields[field_4fe0851]\" id=\"form-field-field_4fe0851\" class=\"elementor-field elementor-size-md  elementor-field-textual\">\n\t\t\t\t\t\t\t\t\t\t\t<\/div>\n\t\t\t\t\t\t\t\t<div class=\"elementor-field-type-textarea elementor-field-group elementor-column elementor-field-group-message elementor-col-100\">\n\t\t\t\t\t\t\t\t\t\t\t\t<label for=\"form-field-message\" class=\"elementor-field-label\">\n\t\t\t\t\t\t\t\tMensagem\t\t\t\t\t\t\t<\/label>\n\t\t\t\t\t\t<textarea class=\"elementor-field-textual elementor-field  elementor-size-md\" name=\"form_fields[message]\" id=\"form-field-message\" rows=\"6\"><\/textarea>\t\t\t\t<\/div>\n\t\t\t\t\t\t\t\t<div class=\"elementor-field-group elementor-column elementor-field-type-submit elementor-col-100 e-form__buttons\">\n\t\t\t\t\t<button class=\"elementor-button elementor-size-md\" type=\"submit\">\n\t\t\t\t\t\t<span class=\"elementor-button-content-wrapper\">\n\t\t\t\t\t\t\t\t\t\t\t\t\t\t\t\t\t\t\t\t\t\t<span class=\"elementor-button-text\">Enviar Mensagem<\/span>\n\t\t\t\t\t\t\t\t\t\t\t\t\t<\/span>\n\t\t\t\t\t<\/button>\n\t\t\t\t<\/div>\n\t\t\t<\/div>\n\t\t<\/form>\n\t\t\t\t\t\t<\/div>\n\t\t\t\t<\/div>\n\t\t\t\t\t<\/div>\n\t\t<\/div>\n\t\t\t\t\t<\/div>\n\t\t<\/section>\n\t\t\t\t<\/div>\n\t\t","protected":false},"excerpt":{"rendered":"<p>FA\u00c7A-NOS UMA VISITA Nossa Localiza\u00e7\u00e3o Endere\u00e7o Av. Nelson Cardoso, 905 &#8211; Sala 110 Taquara &#8211; Rio de Janeiro &#8211; RJ Email contabil@contabrasrio.com.br Telefone (21) 2423-1760 (21) 2423-5498<\/p>\n","protected":false},"author":1,"featured_media":0,"parent":0,"menu_order":0,"comment_status":"closed","ping_status":"closed","template":"elementor_header_footer","meta":{"footnotes":""},"class_list":["post-253","page","type-page","status-publish","hentry"],"_links":{"self":[{"href":"https:\/\/contabrasrio.com.br\/condominios\/wp-json\/wp\/v2\/pages\/253","targetHints":{"allow":["GET"]}}],"collection":[{"href":"https:\/\/contabrasrio.com.br\/condominios\/wp-json\/wp\/v2\/pages"}],"about":[{"href":"https:\/\/contabrasrio.com.br\/condominios\/wp-json\/wp\/v2\/types\/page"}],"author":[{"embeddable":true,"href":"https:\/\/contabrasrio.com.br\/condominios\/wp-json\/wp\/v2\/users\/1"}],"replies":[{"embeddable":true,"href":"https:\/\/contabrasrio.com.br\/condominios\/wp-json\/wp\/v2\/comments?post=253"}],"version-history":[{"count":46,"href":"https:\/\/contabrasrio.com.br\/condominios\/wp-json\/wp\/v2\/pages\/253\/revisions"}],"predecessor-version":[{"id":628,"href":"https:\/\/contabrasrio.com.br\/condominios\/wp-json\/wp\/v2\/pages\/253\/revisions\/628"}],"wp:attachment":[{"href":"https:\/\/contabrasrio.com.br\/condominios\/wp-json\/wp\/v2\/media?parent=253"}],"curies":[{"name":"wp","href":"https:\/\/api.w.org\/{rel}","templated":true}]}}